{"id":932,"date":"2021-04-22T15:55:47","date_gmt":"2021-04-22T13:55:47","guid":{"rendered":"https:\/\/lesanctuairedes4pattes.fr\/?page_id=932"},"modified":"2026-03-18T08:57:51","modified_gmt":"2026-03-18T07:57:51","slug":"contact2","status":"publish","type":"page","link":"https:\/\/lesanctuairedes4pattes.fr\/index.php\/contact2\/","title":{"rendered":"Contact"},"content":{"rendered":"\t\t<div data-elementor-type=\"wp-page\" data-elementor-id=\"932\" class=\"elementor elementor-932\">\n\t\t\t\t\t\t<section class=\"elementor-section elementor-top-section elementor-element elementor-element-2c9b4d68 elementor-section-boxed elementor-section-height-default elementor-section-height-default\" data-id=\"2c9b4d68\" data-element_type=\"section\" data-e-type=\"section\">\n\t\t\t\t\t\t<div class=\"elementor-container elementor-column-gap-default\">\n\t\t\t\t\t<div class=\"elementor-column elementor-col-100 elementor-top-column elementor-element elementor-element-423534b0\" data-id=\"423534b0\" data-element_type=\"column\" data-e-type=\"column\">\n\t\t\t<div class=\"elementor-widget-wrap elementor-element-populated\">\n\t\t\t\t\t\t<div class=\"elementor-element elementor-element-532b39b elementor-widget elementor-widget-image\" data-id=\"532b39b\" data-element_type=\"widget\" data-e-type=\"widget\" data-widget_type=\"image.default\">\n\t\t\t\t<div class=\"elementor-widget-container\">\n\t\t\t\t\t\t\t\t\t\t\t\t\t\t\t<img fetchpriority=\"high\" decoding=\"async\" width=\"960\" height=\"172\" src=\"https:\/\/lesanctuairedes4pattes.fr\/wp-content\/uploads\/2020\/09\/titre.jpg\" class=\"attachment-large size-large wp-image-479\" alt=\"\" srcset=\"https:\/\/lesanctuairedes4pattes.fr\/wp-content\/uploads\/2020\/09\/titre.jpg 960w, https:\/\/lesanctuairedes4pattes.fr\/wp-content\/uploads\/2020\/09\/titre-600x108.jpg 600w, https:\/\/lesanctuairedes4pattes.fr\/wp-content\/uploads\/2020\/09\/titre-300x54.jpg 300w, https:\/\/lesanctuairedes4pattes.fr\/wp-content\/uploads\/2020\/09\/titre-768x138.jpg 768w\" sizes=\"(max-width: 960px) 100vw, 960px\" \/>\t\t\t\t\t\t\t\t\t\t\t\t\t\t\t<\/div>\n\t\t\t\t<\/div>\n\t\t\t\t\t<\/div>\n\t\t<\/div>\n\t\t\t\t\t<\/div>\n\t\t<\/section>\n\t\t\t\t<section class=\"elementor-section elementor-top-section elementor-element elementor-element-540bff4a elementor-section-full_width elementor-section-height-default elementor-section-height-default\" data-id=\"540bff4a\" data-element_type=\"section\" data-e-type=\"section\">\n\t\t\t\t\t\t<div class=\"elementor-container elementor-column-gap-default\">\n\t\t\t\t\t<div class=\"elementor-column elementor-col-100 elementor-top-column elementor-element elementor-element-1ca6751d\" data-id=\"1ca6751d\" data-element_type=\"column\" data-e-type=\"column\">\n\t\t\t<div class=\"elementor-widget-wrap elementor-element-populated\">\n\t\t\t\t\t\t<div class=\"elementor-element elementor-element-50f6ffa0 elementor-widget__width-inherit elementor-widget elementor-widget-wp-widget-ocean_custom_menu\" data-id=\"50f6ffa0\" data-element_type=\"widget\" data-e-type=\"widget\" data-widget_type=\"wp-widget-ocean_custom_menu.default\">\n\t\t\t\t<div class=\"elementor-widget-container\">\n\t\t\t\t\t<div class=\"oceanwp-custom-menu clr ocean_custom_menu-REPLACE_TO_ID center dropdown-hover\"><ul id=\"menu-menu-1-1\" class=\"dropdown-menu sf-menu\"><li  id=\"menu-item-636\" class=\"menu-item menu-item-type-post_type menu-item-object-page menu-item-home menu-item-636\"><a href=\"https:\/\/lesanctuairedes4pattes.fr\/\" class=\"menu-link\">Accueil<\/a><\/li>\n<li  id=\"menu-item-1303\" class=\"menu-item menu-item-type-post_type menu-item-object-page menu-item-1303\"><a href=\"https:\/\/lesanctuairedes4pattes.fr\/index.php\/cimetiere\/\" class=\"menu-link\">Cimeti\u00e8re<\/a><\/li>\n<li  id=\"menu-item-639\" class=\"menu-item menu-item-type-post_type menu-item-object-page menu-item-639\"><a href=\"https:\/\/lesanctuairedes4pattes.fr\/index.php\/urnes-funeraires\/\" class=\"menu-link\">Urnes fun\u00e9raires<\/a><\/li>\n<li  id=\"menu-item-638\" class=\"menu-item menu-item-type-post_type menu-item-object-page menu-item-638\"><a href=\"https:\/\/lesanctuairedes4pattes.fr\/index.php\/reliquaires\/\" class=\"menu-link\">Reliquaires<\/a><\/li>\n<li  id=\"menu-item-637\" class=\"menu-item menu-item-type-post_type menu-item-object-page menu-item-637\"><a href=\"https:\/\/lesanctuairedes4pattes.fr\/index.php\/cercueils-animaux-de-compagnie\/\" class=\"menu-link\">Cercueils<\/a><\/li>\n<li  id=\"menu-item-882\" class=\"menu-item menu-item-type-post_type menu-item-object-page menu-item-882\"><a href=\"https:\/\/lesanctuairedes4pattes.fr\/index.php\/accompagnement-au-deuil-animalier\/\" class=\"menu-link\">Accompagnement au deuil animalier et c\u00e9r\u00e9monie<\/a><\/li>\n<li  id=\"menu-item-925\" class=\"menu-item menu-item-type-post_type menu-item-object-page menu-item-925\"><a href=\"https:\/\/lesanctuairedes4pattes.fr\/index.php\/liens-et-partenariats\/\" class=\"menu-link\">Liens et Partenariats<\/a><\/li>\n<li  id=\"menu-item-941\" class=\"menu-item menu-item-type-post_type menu-item-object-page menu-item-941\"><a href=\"https:\/\/lesanctuairedes4pattes.fr\/index.php\/contact2\/\" class=\"menu-link\">Contact<\/a><\/li>\n<li  id=\"menu-item-996\" class=\"menu-item menu-item-type-custom menu-item-object-custom menu-item-996\"><a href=\"https:\/\/www.facebook.com\/lesanctuairedes4pattes\/\" class=\"menu-link\"><i class=\"fab fa-facebook\"><\/i><\/a><\/li>\n<\/ul><\/div>\t\t\t\t<\/div>\n\t\t\t\t<\/div>\n\t\t\t\t\t<\/div>\n\t\t<\/div>\n\t\t\t\t\t<\/div>\n\t\t<\/section>\n\t\t\t\t<section class=\"elementor-section elementor-top-section elementor-element elementor-element-79d72db elementor-section-boxed elementor-section-height-default elementor-section-height-default\" data-id=\"79d72db\" data-element_type=\"section\" data-e-type=\"section\" data-settings=\"{&quot;background_background&quot;:&quot;classic&quot;,&quot;shape_divider_top&quot;:&quot;tilt&quot;,&quot;shape_divider_bottom&quot;:&quot;tilt&quot;}\">\n\t\t\t\t\t<div class=\"elementor-shape elementor-shape-top\" aria-hidden=\"true\" data-negative=\"false\">\n\t\t\t<svg xmlns=\"http:\/\/www.w3.org\/2000\/svg\" viewBox=\"0 0 1000 100\" preserveAspectRatio=\"none\">\n\t<path class=\"elementor-shape-fill\" d=\"M0,6V0h1000v100L0,6z\"\/>\n<\/svg>\t\t<\/div>\n\t\t\t\t<div class=\"elementor-shape elementor-shape-bottom\" aria-hidden=\"true\" data-negative=\"false\">\n\t\t\t<svg xmlns=\"http:\/\/www.w3.org\/2000\/svg\" viewBox=\"0 0 1000 100\" preserveAspectRatio=\"none\">\n\t<path class=\"elementor-shape-fill\" d=\"M0,6V0h1000v100L0,6z\"\/>\n<\/svg>\t\t<\/div>\n\t\t\t\t\t<div class=\"elementor-container elementor-column-gap-default\">\n\t\t\t\t\t<div class=\"elementor-column elementor-col-50 elementor-top-column elementor-element elementor-element-7f8f727\" data-id=\"7f8f727\" data-element_type=\"column\" data-e-type=\"column\">\n\t\t\t<div class=\"elementor-widget-wrap elementor-element-populated\">\n\t\t\t\t\t\t<div class=\"elementor-element elementor-element-2bee50e elementor-widget elementor-widget-spacer\" data-id=\"2bee50e\" data-element_type=\"widget\" data-e-type=\"widget\" data-widget_type=\"spacer.default\">\n\t\t\t\t<div class=\"elementor-widget-container\">\n\t\t\t\t\t\t\t<div class=\"elementor-spacer\">\n\t\t\t<div class=\"elementor-spacer-inner\"><\/div>\n\t\t<\/div>\n\t\t\t\t\t\t<\/div>\n\t\t\t\t<\/div>\n\t\t\t\t<div class=\"elementor-element elementor-element-2912ee2 elementor-widget elementor-widget-text-editor\" data-id=\"2912ee2\" data-element_type=\"widget\" data-e-type=\"widget\" data-widget_type=\"text-editor.default\">\n\t\t\t\t<div class=\"elementor-widget-container\">\n\t\t\t\t\t\t\t\t\t<h2>Coordonn\u00e9es<\/h2>\n<p>Le Sanctuaire Des 4 Pattes &#8211; DELPHINE SIMON-DUMARCHAT<br>Fabrication Fran\u00e7aise d\u2019articles fun\u00e9raires pour animaux.<\/p>\n<p>n\u00b0 de siret 511978835 \u2013 Immatricul\u00e9 au R\u00e9pertoire des M\u00e9tiers 24<\/p>\n<p>Entreprise individuelle<\/p>\n<p>11 passage Les Lavandi\u00e8res \u2013 LE NICOULOU<\/p>\n<p>24110 ST ASTIER<\/p>\n<p>T\u00e9l\u00e9phone : 07.87.15.98.07<br>Horaires d&rsquo;ouverture : Du lundi au vendredi de 9H \u00e0 18H15 et le samedi de 9H \u00e0 12H, ferm\u00e9 le mercredi.<br>Possibilit\u00e9 de retirer sa commande sur place uniquement sur rendez-vous.<\/p>\n<p>Conform\u00e9ment aux articles L.616-1 et R.616-1 du code de la consommation, nous proposons un dispositif de m\u00e9diation de la consommation. \u00bb, notre entreprise&nbsp; a mis en place un dispositif de m\u00e9diation de la consommation. L&rsquo;entit\u00e9 de m\u00e9diation retenue est :<\/p>\n<p>MEDIATION CONSOMMATION D\u00c9VELOPPEMENT\/MED CONSO DEV, centre d&rsquo;affaires St\u00e9phanois SAS immeuble L&rsquo;HORIZON \u2013 Esplanade DE FRANCE&nbsp;. 3 rue J. CONSTANT MILLERET \u2013 42 000 SAINT-ETIENNE &#8211; <a href=\"https:\/\/www.medconsodev.eu\">https:\/\/www.medconsodev.eu<\/a><\/p>\n<p>N&rsquo;h\u00e9sitez pas \u00e0 prendre contact avec nous pour tout renseignement<\/p>\t\t\t\t\t\t\t\t<\/div>\n\t\t\t\t<\/div>\n\t\t\t\t<div class=\"elementor-element elementor-element-dc00443 elementor-widget elementor-widget-spacer\" data-id=\"dc00443\" data-element_type=\"widget\" data-e-type=\"widget\" data-widget_type=\"spacer.default\">\n\t\t\t\t<div class=\"elementor-widget-container\">\n\t\t\t\t\t\t\t<div class=\"elementor-spacer\">\n\t\t\t<div class=\"elementor-spacer-inner\"><\/div>\n\t\t<\/div>\n\t\t\t\t\t\t<\/div>\n\t\t\t\t<\/div>\n\t\t\t\t\t<\/div>\n\t\t<\/div>\n\t\t\t\t<div class=\"elementor-column elementor-col-50 elementor-top-column elementor-element elementor-element-3653006\" data-id=\"3653006\" data-element_type=\"column\" data-e-type=\"column\">\n\t\t\t<div class=\"elementor-widget-wrap elementor-element-populated\">\n\t\t\t\t\t\t<div class=\"elementor-element elementor-element-ee1235d elementor-widget elementor-widget-spacer\" data-id=\"ee1235d\" data-element_type=\"widget\" data-e-type=\"widget\" data-widget_type=\"spacer.default\">\n\t\t\t\t<div class=\"elementor-widget-container\">\n\t\t\t\t\t\t\t<div class=\"elementor-spacer\">\n\t\t\t<div class=\"elementor-spacer-inner\"><\/div>\n\t\t<\/div>\n\t\t\t\t\t\t<\/div>\n\t\t\t\t<\/div>\n\t\t\t\t<div class=\"elementor-element elementor-element-aae749c elementor-widget elementor-widget-shortcode\" data-id=\"aae749c\" data-element_type=\"widget\" data-e-type=\"widget\" data-widget_type=\"shortcode.default\">\n\t\t\t\t<div class=\"elementor-widget-container\">\n\t\t\t\t\t\t\t<div class=\"elementor-shortcode\">\n<div class=\"wpcf7 no-js\" id=\"wpcf7-f340-o1\" lang=\"fr-FR\" dir=\"ltr\" data-wpcf7-id=\"340\">\n<div class=\"screen-reader-response\"><p role=\"status\" aria-live=\"polite\" aria-atomic=\"true\"><\/p> <ul><\/ul><\/div>\n<form action=\"\/index.php\/wp-json\/wp\/v2\/pages\/932#wpcf7-f340-o1\" method=\"post\" class=\"wpcf7-form init\" aria-label=\"Formulaire de contact\" novalidate=\"novalidate\" data-status=\"init\">\n<fieldset class=\"hidden-fields-container\"><input type=\"hidden\" name=\"_wpcf7\" value=\"340\" \/><input type=\"hidden\" name=\"_wpcf7_version\" value=\"6.1.5\" \/><input type=\"hidden\" name=\"_wpcf7_locale\" value=\"fr_FR\" \/><input type=\"hidden\" name=\"_wpcf7_unit_tag\" value=\"wpcf7-f340-o1\" \/><input type=\"hidden\" name=\"_wpcf7_container_post\" value=\"0\" \/><input type=\"hidden\" name=\"_wpcf7_posted_data_hash\" value=\"\" \/><input type=\"hidden\" name=\"_wpcf7_recaptcha_response\" value=\"\" \/>\n<\/fieldset>\n<p><label> Votre nom*<br \/>\n<span class=\"wpcf7-form-control-wrap\" data-name=\"your-name\"><input size=\"40\" maxlength=\"400\" class=\"wpcf7-form-control wpcf7-text wpcf7-validates-as-required\" aria-required=\"true\" aria-invalid=\"false\" value=\"\" type=\"text\" name=\"your-name\" \/><\/span> <\/label>\n<\/p>\n<p><label> Votre adresse de messagerie*<br \/>\n<span class=\"wpcf7-form-control-wrap\" data-name=\"your-email\"><input size=\"40\" maxlength=\"400\" class=\"wpcf7-form-control wpcf7-email wpcf7-validates-as-required wpcf7-text wpcf7-validates-as-email\" aria-required=\"true\" aria-invalid=\"false\" value=\"\" type=\"email\" name=\"your-email\" \/><\/span> <\/label>\n<\/p>\n<p><label> Votre message*<br \/>\n<span class=\"wpcf7-form-control-wrap\" data-name=\"your-message\"><textarea cols=\"40\" rows=\"10\" maxlength=\"2000\" class=\"wpcf7-form-control wpcf7-textarea\" aria-invalid=\"false\" name=\"your-message\"><\/textarea><\/span> <\/label>\n<\/p>\n<p><span class=\"wpcf7-form-control-wrap\" data-name=\"acceptance-567\"><span class=\"wpcf7-form-control wpcf7-acceptance\"><span class=\"wpcf7-list-item\"><label><input type=\"checkbox\" name=\"acceptance-567\" value=\"1\" aria-invalid=\"false\" \/><span class=\"wpcf7-list-item-label\">J\u2019autorise ce site \u00e0 conserver mes donn\u00e9es transmises via ce formulaire. Aucune exploitation commerciale ne sera faite des donn\u00e9es conserv\u00e9es.<\/span><\/label><\/span><\/span><\/span>\n<\/p>\n<p><input class=\"wpcf7-form-control wpcf7-submit has-spinner\" type=\"submit\" value=\"Envoyer\" \/>\n<\/p><div class=\"wpcf7-response-output\" aria-hidden=\"true\"><\/div>\n<\/form>\n<\/div>\n<\/div>\n\t\t\t\t\t\t<\/div>\n\t\t\t\t<\/div>\n\t\t\t\t\t<\/div>\n\t\t<\/div>\n\t\t\t\t\t<\/div>\n\t\t<\/section>\n\t\t\t\t<\/div>\n\t\t","protected":false},"excerpt":{"rendered":"<p>Coordonn\u00e9es Le Sanctuaire Des 4 Pattes &#8211; DELPHINE SIMON-DUMARCHATFabrication Fran\u00e7aise d\u2019articles fun\u00e9raires pour animaux. n\u00b0 de siret 511978835 \u2013 Immatricul\u00e9 au R\u00e9pertoire des M\u00e9tiers 24 Entreprise individuelle 11 passage Les Lavandi\u00e8res \u2013 LE NICOULOU 24110 ST ASTIER T\u00e9l\u00e9phone : 07.87.15.98.07Horaires d&rsquo;ouverture : Du lundi au vendredi de 9H \u00e0 18H15 et le samedi de 9H [&hellip;]<\/p>\n","protected":false},"author":1,"featured_media":0,"parent":0,"menu_order":0,"comment_status":"closed","ping_status":"closed","template":"","meta":{"ocean_post_layout":"","ocean_both_sidebars_style":"","ocean_both_sidebars_content_width":0,"ocean_both_sidebars_sidebars_width":0,"ocean_sidebar":"0","ocean_second_sidebar":"0","ocean_disable_margins":"enable","ocean_add_body_class":"","ocean_shortcode_before_top_bar":"","ocean_shortcode_after_top_bar":"","ocean_shortcode_before_header":"","ocean_shortcode_after_header":"","ocean_has_shortcode":"","ocean_shortcode_after_title":"","ocean_shortcode_before_footer_widgets":"","ocean_shortcode_after_footer_widgets":"","ocean_shortcode_before_footer_bottom":"","ocean_shortcode_after_footer_bottom":"","ocean_display_top_bar":"on","ocean_display_header":"off","ocean_header_style":"","ocean_center_header_left_menu":"0","ocean_custom_header_template":"0","ocean_custom_logo":0,"ocean_custom_retina_logo":0,"ocean_custom_logo_max_width":0,"ocean_custom_logo_tablet_max_width":0,"ocean_custom_logo_mobile_max_width":0,"ocean_custom_logo_max_height":0,"ocean_custom_logo_tablet_max_height":0,"ocean_custom_logo_mobile_max_height":0,"ocean_header_custom_menu":"0","ocean_menu_typo_font_family":"0","ocean_menu_typo_font_subset":"","ocean_menu_typo_font_size":0,"ocean_menu_typo_font_size_tablet":0,"ocean_menu_typo_font_size_mobile":0,"ocean_menu_typo_font_size_unit":"px","ocean_menu_typo_font_weight":"","ocean_menu_typo_font_weight_tablet":"","ocean_menu_typo_font_weight_mobile":"","ocean_menu_typo_transform":"","ocean_menu_typo_transform_tablet":"","ocean_menu_typo_transform_mobile":"","ocean_menu_typo_line_height":0,"ocean_menu_typo_line_height_tablet":0,"ocean_menu_typo_line_height_mobile":0,"ocean_menu_typo_line_height_unit":"","ocean_menu_typo_spacing":0,"ocean_menu_typo_spacing_tablet":0,"ocean_menu_typo_spacing_mobile":0,"ocean_menu_typo_spacing_unit":"","ocean_menu_link_color":"","ocean_menu_link_color_hover":"","ocean_menu_link_color_active":"","ocean_menu_link_background":"","ocean_menu_link_hover_background":"","ocean_menu_link_active_background":"","ocean_menu_social_links_bg":"","ocean_menu_social_hover_links_bg":"","ocean_menu_social_links_color":"","ocean_menu_social_hover_links_color":"","ocean_disable_title":"on","ocean_disable_heading":"default","ocean_post_title":"","ocean_post_subheading":"","ocean_post_title_style":"","ocean_post_title_background_color":"","ocean_post_title_background":0,"ocean_post_title_bg_image_position":"","ocean_post_title_bg_image_attachment":"","ocean_post_title_bg_image_repeat":"","ocean_post_title_bg_image_size":"","ocean_post_title_height":0,"ocean_post_title_bg_overlay":0.5,"ocean_post_title_bg_overlay_color":"","ocean_disable_breadcrumbs":"off","ocean_breadcrumbs_color":"","ocean_breadcrumbs_separator_color":"","ocean_breadcrumbs_links_color":"","ocean_breadcrumbs_links_hover_color":"","ocean_display_footer_widgets":"default","ocean_display_footer_bottom":"default","ocean_custom_footer_template":"0","footnotes":""},"class_list":["post-932","page","type-page","status-publish","hentry","entry"],"yoast_head":"<!-- This site is optimized with the Yoast SEO plugin v27.2 - https:\/\/yoast.com\/product\/yoast-seo-wordpress\/ -->\n<title>Contact - Le Sanctuaire des 4 pattes<\/title>\n<meta name=\"robots\" content=\"index, follow, max-snippet:-1, max-image-preview:large, max-video-preview:-1\" \/>\n<link rel=\"canonical\" href=\"https:\/\/lesanctuairedes4pattes.fr\/index.php\/contact2\/\" \/>\n<meta property=\"og:locale\" content=\"fr_FR\" \/>\n<meta property=\"og:type\" content=\"article\" \/>\n<meta property=\"og:title\" content=\"Contact - Le Sanctuaire des 4 pattes\" \/>\n<meta property=\"og:description\" content=\"Coordonn\u00e9es Le Sanctuaire Des 4 Pattes &#8211; DELPHINE SIMON-DUMARCHATFabrication Fran\u00e7aise d\u2019articles fun\u00e9raires pour animaux. n\u00b0 de siret 511978835 \u2013 Immatricul\u00e9 au R\u00e9pertoire des M\u00e9tiers 24 Entreprise individuelle 11 passage Les Lavandi\u00e8res \u2013 LE NICOULOU 24110 ST ASTIER T\u00e9l\u00e9phone : 07.87.15.98.07Horaires d&rsquo;ouverture : Du lundi au vendredi de 9H \u00e0 18H15 et le samedi de 9H [&hellip;]\" \/>\n<meta property=\"og:url\" content=\"https:\/\/lesanctuairedes4pattes.fr\/index.php\/contact2\/\" \/>\n<meta property=\"og:site_name\" content=\"Le Sanctuaire des 4 pattes\" \/>\n<meta property=\"article:modified_time\" content=\"2026-03-18T07:57:51+00:00\" \/>\n<meta property=\"og:image\" content=\"https:\/\/lesanctuairedes4pattes.fr\/wp-content\/uploads\/2020\/09\/titre.jpg\" \/>\n\t<meta property=\"og:image:width\" content=\"960\" \/>\n\t<meta property=\"og:image:height\" content=\"172\" \/>\n\t<meta property=\"og:image:type\" content=\"image\/jpeg\" \/>\n<meta name=\"twitter:card\" content=\"summary_large_image\" \/>\n<meta name=\"twitter:label1\" content=\"Dur\u00e9e de lecture estim\u00e9e\" \/>\n\t<meta name=\"twitter:data1\" content=\"1 minute\" \/>\n<script type=\"application\/ld+json\" class=\"yoast-schema-graph\">{\"@context\":\"https:\/\/schema.org\",\"@graph\":[{\"@type\":\"WebPage\",\"@id\":\"https:\/\/lesanctuairedes4pattes.fr\/index.php\/contact2\/\",\"url\":\"https:\/\/lesanctuairedes4pattes.fr\/index.php\/contact2\/\",\"name\":\"Contact - Le Sanctuaire des 4 pattes\",\"isPartOf\":{\"@id\":\"https:\/\/lesanctuairedes4pattes.fr\/#website\"},\"primaryImageOfPage\":{\"@id\":\"https:\/\/lesanctuairedes4pattes.fr\/index.php\/contact2\/#primaryimage\"},\"image\":{\"@id\":\"https:\/\/lesanctuairedes4pattes.fr\/index.php\/contact2\/#primaryimage\"},\"thumbnailUrl\":\"https:\/\/lesanctuairedes4pattes.fr\/wp-content\/uploads\/2020\/09\/titre.jpg\",\"datePublished\":\"2021-04-22T13:55:47+00:00\",\"dateModified\":\"2026-03-18T07:57:51+00:00\",\"breadcrumb\":{\"@id\":\"https:\/\/lesanctuairedes4pattes.fr\/index.php\/contact2\/#breadcrumb\"},\"inLanguage\":\"fr-FR\",\"potentialAction\":[{\"@type\":\"ReadAction\",\"target\":[\"https:\/\/lesanctuairedes4pattes.fr\/index.php\/contact2\/\"]}]},{\"@type\":\"ImageObject\",\"inLanguage\":\"fr-FR\",\"@id\":\"https:\/\/lesanctuairedes4pattes.fr\/index.php\/contact2\/#primaryimage\",\"url\":\"https:\/\/lesanctuairedes4pattes.fr\/wp-content\/uploads\/2020\/09\/titre.jpg\",\"contentUrl\":\"https:\/\/lesanctuairedes4pattes.fr\/wp-content\/uploads\/2020\/09\/titre.jpg\",\"width\":960,\"height\":172},{\"@type\":\"BreadcrumbList\",\"@id\":\"https:\/\/lesanctuairedes4pattes.fr\/index.php\/contact2\/#breadcrumb\",\"itemListElement\":[{\"@type\":\"ListItem\",\"position\":1,\"name\":\"Accueil\",\"item\":\"https:\/\/lesanctuairedes4pattes.fr\/\"},{\"@type\":\"ListItem\",\"position\":2,\"name\":\"Contact\"}]},{\"@type\":\"WebSite\",\"@id\":\"https:\/\/lesanctuairedes4pattes.fr\/#website\",\"url\":\"https:\/\/lesanctuairedes4pattes.fr\/\",\"name\":\"Le Sanctuaire des 4 pattes\",\"description\":\"Fabrication d&#039;articles fun\u00e9raires pour animaux\",\"potentialAction\":[{\"@type\":\"SearchAction\",\"target\":{\"@type\":\"EntryPoint\",\"urlTemplate\":\"https:\/\/lesanctuairedes4pattes.fr\/?s={search_term_string}\"},\"query-input\":{\"@type\":\"PropertyValueSpecification\",\"valueRequired\":true,\"valueName\":\"search_term_string\"}}],\"inLanguage\":\"fr-FR\"}]}<\/script>\n<!-- \/ Yoast SEO plugin. -->","yoast_head_json":{"title":"Contact - Le Sanctuaire des 4 pattes","robots":{"index":"index","follow":"follow","max-snippet":"max-snippet:-1","max-image-preview":"max-image-preview:large","max-video-preview":"max-video-preview:-1"},"canonical":"https:\/\/lesanctuairedes4pattes.fr\/index.php\/contact2\/","og_locale":"fr_FR","og_type":"article","og_title":"Contact - Le Sanctuaire des 4 pattes","og_description":"Coordonn\u00e9es Le Sanctuaire Des 4 Pattes &#8211; DELPHINE SIMON-DUMARCHATFabrication Fran\u00e7aise d\u2019articles fun\u00e9raires pour animaux. n\u00b0 de siret 511978835 \u2013 Immatricul\u00e9 au R\u00e9pertoire des M\u00e9tiers 24 Entreprise individuelle 11 passage Les Lavandi\u00e8res \u2013 LE NICOULOU 24110 ST ASTIER T\u00e9l\u00e9phone : 07.87.15.98.07Horaires d&rsquo;ouverture : Du lundi au vendredi de 9H \u00e0 18H15 et le samedi de 9H [&hellip;]","og_url":"https:\/\/lesanctuairedes4pattes.fr\/index.php\/contact2\/","og_site_name":"Le Sanctuaire des 4 pattes","article_modified_time":"2026-03-18T07:57:51+00:00","og_image":[{"width":960,"height":172,"url":"https:\/\/lesanctuairedes4pattes.fr\/wp-content\/uploads\/2020\/09\/titre.jpg","type":"image\/jpeg"}],"twitter_card":"summary_large_image","twitter_misc":{"Dur\u00e9e de lecture estim\u00e9e":"1 minute"},"schema":{"@context":"https:\/\/schema.org","@graph":[{"@type":"WebPage","@id":"https:\/\/lesanctuairedes4pattes.fr\/index.php\/contact2\/","url":"https:\/\/lesanctuairedes4pattes.fr\/index.php\/contact2\/","name":"Contact - Le Sanctuaire des 4 pattes","isPartOf":{"@id":"https:\/\/lesanctuairedes4pattes.fr\/#website"},"primaryImageOfPage":{"@id":"https:\/\/lesanctuairedes4pattes.fr\/index.php\/contact2\/#primaryimage"},"image":{"@id":"https:\/\/lesanctuairedes4pattes.fr\/index.php\/contact2\/#primaryimage"},"thumbnailUrl":"https:\/\/lesanctuairedes4pattes.fr\/wp-content\/uploads\/2020\/09\/titre.jpg","datePublished":"2021-04-22T13:55:47+00:00","dateModified":"2026-03-18T07:57:51+00:00","breadcrumb":{"@id":"https:\/\/lesanctuairedes4pattes.fr\/index.php\/contact2\/#breadcrumb"},"inLanguage":"fr-FR","potentialAction":[{"@type":"ReadAction","target":["https:\/\/lesanctuairedes4pattes.fr\/index.php\/contact2\/"]}]},{"@type":"ImageObject","inLanguage":"fr-FR","@id":"https:\/\/lesanctuairedes4pattes.fr\/index.php\/contact2\/#primaryimage","url":"https:\/\/lesanctuairedes4pattes.fr\/wp-content\/uploads\/2020\/09\/titre.jpg","contentUrl":"https:\/\/lesanctuairedes4pattes.fr\/wp-content\/uploads\/2020\/09\/titre.jpg","width":960,"height":172},{"@type":"BreadcrumbList","@id":"https:\/\/lesanctuairedes4pattes.fr\/index.php\/contact2\/#breadcrumb","itemListElement":[{"@type":"ListItem","position":1,"name":"Accueil","item":"https:\/\/lesanctuairedes4pattes.fr\/"},{"@type":"ListItem","position":2,"name":"Contact"}]},{"@type":"WebSite","@id":"https:\/\/lesanctuairedes4pattes.fr\/#website","url":"https:\/\/lesanctuairedes4pattes.fr\/","name":"Le Sanctuaire des 4 pattes","description":"Fabrication d&#039;articles fun\u00e9raires pour animaux","potentialAction":[{"@type":"SearchAction","target":{"@type":"EntryPoint","urlTemplate":"https:\/\/lesanctuairedes4pattes.fr\/?s={search_term_string}"},"query-input":{"@type":"PropertyValueSpecification","valueRequired":true,"valueName":"search_term_string"}}],"inLanguage":"fr-FR"}]}},"jetpack_sharing_enabled":true,"_links":{"self":[{"href":"https:\/\/lesanctuairedes4pattes.fr\/index.php\/wp-json\/wp\/v2\/pages\/932","targetHints":{"allow":["GET"]}}],"collection":[{"href":"https:\/\/lesanctuairedes4pattes.fr\/index.php\/wp-json\/wp\/v2\/pages"}],"about":[{"href":"https:\/\/lesanctuairedes4pattes.fr\/index.php\/wp-json\/wp\/v2\/types\/page"}],"author":[{"embeddable":true,"href":"https:\/\/lesanctuairedes4pattes.fr\/index.php\/wp-json\/wp\/v2\/users\/1"}],"replies":[{"embeddable":true,"href":"https:\/\/lesanctuairedes4pattes.fr\/index.php\/wp-json\/wp\/v2\/comments?post=932"}],"version-history":[{"count":20,"href":"https:\/\/lesanctuairedes4pattes.fr\/index.php\/wp-json\/wp\/v2\/pages\/932\/revisions"}],"predecessor-version":[{"id":1592,"href":"https:\/\/lesanctuairedes4pattes.fr\/index.php\/wp-json\/wp\/v2\/pages\/932\/revisions\/1592"}],"wp:attachment":[{"href":"https:\/\/lesanctuairedes4pattes.fr\/index.php\/wp-json\/wp\/v2\/media?parent=932"}],"curies":[{"name":"wp","href":"https:\/\/api.w.org\/{rel}","templated":true}]}}